{"id":112,"date":"2025-11-01T04:08:55","date_gmt":"2025-11-01T04:08:55","guid":{"rendered":"https:\/\/empijamei.com.br\/?page_id=112"},"modified":"2025-12-01T15:55:08","modified_gmt":"2025-12-01T15:55:08","slug":"formas-de-pagamento","status":"publish","type":"page","link":"https:\/\/empijamei.com.br\/pt\/formas-de-pagamento\/","title":{"rendered":"Formas de Pagamento"},"content":{"rendered":"\t\t<div data-elementor-type=\"wp-page\" data-elementor-id=\"112\" class=\"elementor elementor-112\" data-elementor-post-type=\"page\">\n\t\t\t\t<div class=\"elementor-element elementor-element-4644726 e-flex e-con-boxed e-con e-parent\" data-id=\"4644726\" data-element_type=\"container\" data-e-type=\"container\">\n\t\t\t\t\t<div class=\"e-con-inner\">\n\t\t\t\t<div class=\"elementor-element elementor-element-12e52d2 elementor-widget elementor-widget-woocommerce-breadcrumb\" data-id=\"12e52d2\" data-element_type=\"widget\" data-e-type=\"widget\" data-widget_type=\"woocommerce-breadcrumb.default\">\n\t\t\t\t\t<nav class=\"woocommerce-breadcrumb\" aria-label=\"Breadcrumb\">In\u00edcio<\/nav>\t\t\t\t<\/div>\n\t\t\t\t<div class=\"elementor-element elementor-element-e9b0a74 elementor-widget__width-inherit elementor-widget-mobile__width-inherit elementor-widget elementor-widget-text-editor\" data-id=\"e9b0a74\" data-element_type=\"widget\" data-e-type=\"widget\" data-widget_type=\"text-editor.default\">\n\t\t\t\t\t\t\t\t\t<p data-start=\"89\" data-end=\"346\"><strong data-start=\"89\" data-end=\"112\">Formas de Pagamento: <\/strong><\/p><p>Aceitamos <strong data-start=\"125\" data-end=\"132\">Pix<\/strong>, <strong data-start=\"134\" data-end=\"156\">cart\u00f5es de cr\u00e9dito<\/strong> e <strong data-start=\"159\" data-end=\"169\" data-is-only-node=\"\">d\u00e9bito<\/strong>.<br data-start=\"170\" data-end=\"173\" \/>Nas maquininhas da loja f\u00edsica, tamb\u00e9m \u00e9 poss\u00edvel realizar pagamentos com <strong data-start=\"247\" data-end=\"256\">Senff<\/strong>. Estamos avaliando a possibilidade de disponibilizar essa op\u00e7\u00e3o em nosso site em breve.<\/p>\t\t\t\t\t\t\t\t<\/div>\n\t\t\t\t\t<\/div>\n\t\t\t\t<\/div>\n\t\t\t\t<\/div>\n\t\t","protected":false},"excerpt":{"rendered":"<p>Formas de Pagamento: Aceitamos Pix, cart\u00f5es de cr\u00e9dito e d\u00e9bito.Nas maquininhas da loja f\u00edsica, tamb\u00e9m \u00e9 poss\u00edvel realizar pagamentos com Senff. Estamos avaliando a possibilidade de disponibilizar essa op\u00e7\u00e3o em nosso site em breve.<\/p>\n","protected":false},"author":1,"featured_media":0,"parent":0,"menu_order":0,"comment_status":"closed","ping_status":"closed","template":"","meta":{"footnotes":""},"class_list":["post-112","page","type-page","status-publish","hentry"],"_links":{"self":[{"href":"https:\/\/empijamei.com.br\/pt\/wp-json\/wp\/v2\/pages\/112","targetHints":{"allow":["GET"]}}],"collection":[{"href":"https:\/\/empijamei.com.br\/pt\/wp-json\/wp\/v2\/pages"}],"about":[{"href":"https:\/\/empijamei.com.br\/pt\/wp-json\/wp\/v2\/types\/page"}],"author":[{"embeddable":true,"href":"https:\/\/empijamei.com.br\/pt\/wp-json\/wp\/v2\/users\/1"}],"replies":[{"embeddable":true,"href":"https:\/\/empijamei.com.br\/pt\/wp-json\/wp\/v2\/comments?post=112"}],"version-history":[{"count":13,"href":"https:\/\/empijamei.com.br\/pt\/wp-json\/wp\/v2\/pages\/112\/revisions"}],"predecessor-version":[{"id":416,"href":"https:\/\/empijamei.com.br\/pt\/wp-json\/wp\/v2\/pages\/112\/revisions\/416"}],"wp:attachment":[{"href":"https:\/\/empijamei.com.br\/pt\/wp-json\/wp\/v2\/media?parent=112"}],"curies":[{"name":"wp","href":"https:\/\/api.w.org\/{rel}","templated":true}]}}