{"id":817,"date":"2025-12-16T23:27:40","date_gmt":"2025-12-16T23:27:40","guid":{"rendered":"https:\/\/empijamei.com.br\/rastrear-encomenda\/"},"modified":"2025-12-16T23:27:40","modified_gmt":"2025-12-16T23:27:40","slug":"rastrear-encomenda","status":"publish","type":"page","link":"https:\/\/empijamei.com.br\/pt\/rastrear-encomenda\/","title":{"rendered":"Rastrear Encomenda"},"content":{"rendered":"\n<form method=\"get\" class=\"infixs-correios-automatico-tracking-search-form\">\n\t<label for=\"search_tracking_code\">Insira o c\u00f3digo de rastreio:<\/label>\n\t<div class=\"infixs-correios-automatico-tracking-search-form-input\">\n\t\t<input type=\"text\" id=\"search_tracking_code\" name=\"code\" value=\"\"\n\t\t\trequired>\n\t\t<button type=\"submit\">Rastrear<\/button>\n\t<\/div>\n<\/form>\n\n<div class=\"infixs-caref-order-tracking-history\">\n\t\t\t\t<div class=\"infixs-caref-order-tracking-box\">\n\t\t\t\t\t\t\t<div class=\"infixs-caref-order-tracking-info\">\n\t\t\t\t\t<p>Ainda n\u00e3o h\u00e1 eventos de rastreamento para o c\u00f3digo selecionado, tente outro.<\/p>\n\t\t\t\t\t<a href=\"https:\/\/rastreamento.correios.com.br\/app\/index.php\" target=\"_blank\"\n\t\t\t\t\t\tclass=\"button button-primary\">Rastrear Site dos Correios<\/a>\n\t\t\t\t<\/div>\n\t\t\t\t\t<\/div>\n\t<\/div>\n","protected":false},"excerpt":{"rendered":"","protected":false},"author":1,"featured_media":0,"parent":0,"menu_order":0,"comment_status":"closed","ping_status":"closed","template":"","meta":{"footnotes":""},"class_list":["post-817","page","type-page","status-publish","hentry"],"_links":{"self":[{"href":"https:\/\/empijamei.com.br\/pt\/wp-json\/wp\/v2\/pages\/817","targetHints":{"allow":["GET"]}}],"collection":[{"href":"https:\/\/empijamei.com.br\/pt\/wp-json\/wp\/v2\/pages"}],"about":[{"href":"https:\/\/empijamei.com.br\/pt\/wp-json\/wp\/v2\/types\/page"}],"author":[{"embeddable":true,"href":"https:\/\/empijamei.com.br\/pt\/wp-json\/wp\/v2\/users\/1"}],"replies":[{"embeddable":true,"href":"https:\/\/empijamei.com.br\/pt\/wp-json\/wp\/v2\/comments?post=817"}],"version-history":[{"count":0,"href":"https:\/\/empijamei.com.br\/pt\/wp-json\/wp\/v2\/pages\/817\/revisions"}],"wp:attachment":[{"href":"https:\/\/empijamei.com.br\/pt\/wp-json\/wp\/v2\/media?parent=817"}],"curies":[{"name":"wp","href":"https:\/\/api.w.org\/{rel}","templated":true}]}}