{"id":1053,"date":"2026-03-13T15:51:36","date_gmt":"2026-03-13T15:51:36","guid":{"rendered":"https:\/\/empijamei.com.br\/pt\/produto\/pijama-verao-shorts-rosa-bebe-com-coracoes-pp\/"},"modified":"2026-04-23T13:51:55","modified_gmt":"2026-04-23T13:51:55","slug":"pijama-verao-shorts-rosa-bebe-com-coracoes-pp","status":"publish","type":"product","link":"https:\/\/empijamei.com.br\/pt\/produto\/pijama-verao-shorts-rosa-bebe-com-coracoes-pp\/","title":{"rendered":"Pijama Manga Curta e Shorts Cora\u00e7\u00f5es"},"content":{"rendered":"<p>Pijama adulto em tecido suede, macio e confort\u00e1vel, ideal para noites de descanso. Possui manga curta e estampa delicada de cora\u00e7\u00f5es, unindo conforto e charme para a hora de dormir.<\/p>\n","protected":false},"excerpt":{"rendered":"<p>Pijama ver\u00e3o shorts rosa bebe com cora\u00e7\u00f5es PP<\/p>\n","protected":false},"featured_media":1052,"comment_status":"open","ping_status":"closed","template":"","meta":[],"product_brand":[],"product_cat":[39,23],"product_tag":[],"class_list":{"0":"post-1053","1":"product","2":"type-product","3":"status-publish","4":"has-post-thumbnail","6":"product_cat-curto-adulto","7":"product_cat-curtos","9":"first","10":"instock","11":"sale","12":"shipping-taxable","13":"purchasable","14":"product-type-variable"},"_links":{"self":[{"href":"https:\/\/empijamei.com.br\/pt\/wp-json\/wp\/v2\/product\/1053","targetHints":{"allow":["GET"]}}],"collection":[{"href":"https:\/\/empijamei.com.br\/pt\/wp-json\/wp\/v2\/product"}],"about":[{"href":"https:\/\/empijamei.com.br\/pt\/wp-json\/wp\/v2\/types\/product"}],"replies":[{"embeddable":true,"href":"https:\/\/empijamei.com.br\/pt\/wp-json\/wp\/v2\/comments?post=1053"}],"wp:featuredmedia":[{"embeddable":true,"href":"https:\/\/empijamei.com.br\/pt\/wp-json\/wp\/v2\/media\/1052"}],"wp:attachment":[{"href":"https:\/\/empijamei.com.br\/pt\/wp-json\/wp\/v2\/media?parent=1053"}],"wp:term":[{"taxonomy":"product_brand","embeddable":true,"href":"https:\/\/empijamei.com.br\/pt\/wp-json\/wp\/v2\/product_brand?post=1053"},{"taxonomy":"product_cat","embeddable":true,"href":"https:\/\/empijamei.com.br\/pt\/wp-json\/wp\/v2\/product_cat?post=1053"},{"taxonomy":"product_tag","embeddable":true,"href":"https:\/\/empijamei.com.br\/pt\/wp-json\/wp\/v2\/product_tag?post=1053"}],"curies":[{"name":"wp","href":"https:\/\/api.w.org\/{rel}","templated":true}]}}