{"id":1086,"date":"2026-03-16T17:11:08","date_gmt":"2026-03-16T17:11:08","guid":{"rendered":"https:\/\/empijamei.com.br\/pt\/produto\/pijama-manga-longa-raposa\/"},"modified":"2026-04-18T20:01:42","modified_gmt":"2026-04-18T20:01:42","slug":"pijama-manga-longa-raposa","status":"publish","type":"product","link":"https:\/\/empijamei.com.br\/pt\/produto\/pijama-manga-longa-raposa\/","title":{"rendered":"Pijama Manga Longa Raposa"},"content":{"rendered":"<p>Pijama infantil de manga longa com estampa de raposa, perfeito para noites confort\u00e1veis e cheias de fofura. Confeccionado em tecido macio que n\u00e3o faz bolinha, garantindo maior durabilidade e conforto. Possui ribana nos punhos e nos p\u00e9s, proporcionando melhor ajuste ao corpo e mais aconchego para os pequenos.<\/p>\n","protected":false},"excerpt":{"rendered":"<p>Pijama Manga Longa Raposa<\/p>\n","protected":false},"featured_media":1085,"comment_status":"open","ping_status":"closed","template":"","meta":[],"product_brand":[],"product_cat":[38,28],"product_tag":[],"class_list":{"0":"post-1086","1":"product","2":"type-product","3":"status-publish","4":"has-post-thumbnail","6":"product_cat-longo-infantil","7":"product_cat-longos","9":"first","10":"outofstock","11":"shipping-taxable","12":"purchasable","13":"product-type-variable"},"_links":{"self":[{"href":"https:\/\/empijamei.com.br\/pt\/wp-json\/wp\/v2\/product\/1086","targetHints":{"allow":["GET"]}}],"collection":[{"href":"https:\/\/empijamei.com.br\/pt\/wp-json\/wp\/v2\/product"}],"about":[{"href":"https:\/\/empijamei.com.br\/pt\/wp-json\/wp\/v2\/types\/product"}],"replies":[{"embeddable":true,"href":"https:\/\/empijamei.com.br\/pt\/wp-json\/wp\/v2\/comments?post=1086"}],"wp:featuredmedia":[{"embeddable":true,"href":"https:\/\/empijamei.com.br\/pt\/wp-json\/wp\/v2\/media\/1085"}],"wp:attachment":[{"href":"https:\/\/empijamei.com.br\/pt\/wp-json\/wp\/v2\/media?parent=1086"}],"wp:term":[{"taxonomy":"product_brand","embeddable":true,"href":"https:\/\/empijamei.com.br\/pt\/wp-json\/wp\/v2\/product_brand?post=1086"},{"taxonomy":"product_cat","embeddable":true,"href":"https:\/\/empijamei.com.br\/pt\/wp-json\/wp\/v2\/product_cat?post=1086"},{"taxonomy":"product_tag","embeddable":true,"href":"https:\/\/empijamei.com.br\/pt\/wp-json\/wp\/v2\/product_tag?post=1086"}],"curies":[{"name":"wp","href":"https:\/\/api.w.org\/{rel}","templated":true}]}}