{"id":1100,"date":"2026-03-16T17:27:04","date_gmt":"2026-03-16T17:27:04","guid":{"rendered":"https:\/\/empijamei.com.br\/pt\/produto\/pijama-adulto-microsoft-xadrez-rosa\/"},"modified":"2026-04-28T14:21:02","modified_gmt":"2026-04-28T14:21:02","slug":"pijama-adulto-microsoft-xadrez-rosa","status":"publish","type":"product","link":"https:\/\/empijamei.com.br\/pt\/produto\/pijama-adulto-microsoft-xadrez-rosa\/","title":{"rendered":"Pijama Adulto Microsoft Xadrez Rosa"},"content":{"rendered":"<p>Pijama confeccionado em microsoft na cor rosa xadrez, super quentinho e confort\u00e1vel, ideal para os dias mais frios. O tecido \u00e9 macio, leve e n\u00e3o faz bolinha, garantindo maior durabilidade e aconchego. Um modelo perfeito para manter o conforto e o bem-estar nas noites de descanso.<\/p>\n","protected":false},"excerpt":{"rendered":"<p>Pijama Adulto Microsoft Xadrez Rosa<\/p>\n","protected":false},"featured_media":1099,"comment_status":"open","ping_status":"closed","template":"","meta":[],"product_brand":[],"product_cat":[37,28,31],"product_tag":[],"class_list":{"0":"post-1100","1":"product","2":"type-product","3":"status-publish","4":"has-post-thumbnail","6":"product_cat-longo-adulto","7":"product_cat-longos","8":"product_cat-mais-vendidos","10":"first","11":"instock","12":"shipping-taxable","13":"purchasable","14":"product-type-variable"},"_links":{"self":[{"href":"https:\/\/empijamei.com.br\/pt\/wp-json\/wp\/v2\/product\/1100","targetHints":{"allow":["GET"]}}],"collection":[{"href":"https:\/\/empijamei.com.br\/pt\/wp-json\/wp\/v2\/product"}],"about":[{"href":"https:\/\/empijamei.com.br\/pt\/wp-json\/wp\/v2\/types\/product"}],"replies":[{"embeddable":true,"href":"https:\/\/empijamei.com.br\/pt\/wp-json\/wp\/v2\/comments?post=1100"}],"wp:featuredmedia":[{"embeddable":true,"href":"https:\/\/empijamei.com.br\/pt\/wp-json\/wp\/v2\/media\/1099"}],"wp:attachment":[{"href":"https:\/\/empijamei.com.br\/pt\/wp-json\/wp\/v2\/media?parent=1100"}],"wp:term":[{"taxonomy":"product_brand","embeddable":true,"href":"https:\/\/empijamei.com.br\/pt\/wp-json\/wp\/v2\/product_brand?post=1100"},{"taxonomy":"product_cat","embeddable":true,"href":"https:\/\/empijamei.com.br\/pt\/wp-json\/wp\/v2\/product_cat?post=1100"},{"taxonomy":"product_tag","embeddable":true,"href":"https:\/\/empijamei.com.br\/pt\/wp-json\/wp\/v2\/product_tag?post=1100"}],"curies":[{"name":"wp","href":"https:\/\/api.w.org\/{rel}","templated":true}]}}