{"id":1229,"date":"2026-03-17T15:33:07","date_gmt":"2026-03-17T15:33:07","guid":{"rendered":"https:\/\/empijamei.com.br\/pt\/produto\/pijama-manga-longa-americano-canelado-azul-bebe\/"},"modified":"2026-04-27T14:35:08","modified_gmt":"2026-04-27T14:35:08","slug":"pijama-manga-longa-americano-canelado-azul-bebe","status":"publish","type":"product","link":"https:\/\/empijamei.com.br\/pt\/produto\/pijama-manga-longa-americano-canelado-azul-bebe\/","title":{"rendered":"Pijama Manga Longa Americano Canelado Azul Beb\u00ea"},"content":{"rendered":"<p>Pijama composto por blusa de manga longa e cal\u00e7a, confeccionado em tecido canelado na cor azul beb\u00ea. O material possui toque macio, textura delicada e \u00f3tima elasticidade, proporcionando conforto e aconchego durante o uso. A blusa conta com abertura frontal e bot\u00f5es, trazendo praticidade e um charme cl\u00e1ssico ao conjunto. A cal\u00e7a complementa o pijama com caimento confort\u00e1vel e ajuste ideal ao corpo.<\/p>\n","protected":false},"excerpt":{"rendered":"<p>Pijama Manga Longa Americano Canelado Azul Beb\u00ea<\/p>\n","protected":false},"featured_media":1227,"comment_status":"open","ping_status":"closed","template":"","meta":[],"product_brand":[],"product_cat":[37,28,31],"product_tag":[],"class_list":{"0":"post-1229","1":"product","2":"type-product","3":"status-publish","4":"has-post-thumbnail","6":"product_cat-longo-adulto","7":"product_cat-longos","8":"product_cat-mais-vendidos","10":"first","11":"instock","12":"sale","13":"shipping-taxable","14":"purchasable","15":"product-type-variable"},"_links":{"self":[{"href":"https:\/\/empijamei.com.br\/pt\/wp-json\/wp\/v2\/product\/1229","targetHints":{"allow":["GET"]}}],"collection":[{"href":"https:\/\/empijamei.com.br\/pt\/wp-json\/wp\/v2\/product"}],"about":[{"href":"https:\/\/empijamei.com.br\/pt\/wp-json\/wp\/v2\/types\/product"}],"replies":[{"embeddable":true,"href":"https:\/\/empijamei.com.br\/pt\/wp-json\/wp\/v2\/comments?post=1229"}],"wp:featuredmedia":[{"embeddable":true,"href":"https:\/\/empijamei.com.br\/pt\/wp-json\/wp\/v2\/media\/1227"}],"wp:attachment":[{"href":"https:\/\/empijamei.com.br\/pt\/wp-json\/wp\/v2\/media?parent=1229"}],"wp:term":[{"taxonomy":"product_brand","embeddable":true,"href":"https:\/\/empijamei.com.br\/pt\/wp-json\/wp\/v2\/product_brand?post=1229"},{"taxonomy":"product_cat","embeddable":true,"href":"https:\/\/empijamei.com.br\/pt\/wp-json\/wp\/v2\/product_cat?post=1229"},{"taxonomy":"product_tag","embeddable":true,"href":"https:\/\/empijamei.com.br\/pt\/wp-json\/wp\/v2\/product_tag?post=1229"}],"curies":[{"name":"wp","href":"https:\/\/api.w.org\/{rel}","templated":true}]}}