{"id":1393,"date":"2026-03-30T17:36:56","date_gmt":"2026-03-30T17:36:56","guid":{"rendered":"https:\/\/empijamei.com.br\/pt\/produto\/pijama-manga-longa-carneirinhos\/"},"modified":"2026-04-14T16:33:56","modified_gmt":"2026-04-14T16:33:56","slug":"pijama-manga-longa-carneirinhos","status":"publish","type":"product","link":"https:\/\/empijamei.com.br\/pt\/produto\/pijama-manga-longa-carneirinhos\/","title":{"rendered":"Pijama Manga Longa Carneirinhos"},"content":{"rendered":"<p data-start=\"80\" data-end=\"276\">Conforto e praticidade para suas noites! Este pijama de manga longa com cal\u00e7a \u00e9 confeccionado em poliviscose, um tecido leve, macio e extremamente agrad\u00e1vel ao toque, ideal para todas as esta\u00e7\u00f5es.<\/p>\n<p data-start=\"278\" data-end=\"466\">O modelo conta com ribana nos punhos e nos p\u00e9s, proporcionando um ajuste perfeito ao corpo e evitando que as pe\u00e7as subam durante o uso, garantindo ainda mais conforto ao dormir ou relaxar.<\/p>\n<p data-start=\"468\" data-end=\"632\">Al\u00e9m disso, o tecido em poliviscose possui excelente durabilidade e n\u00e3o forma bolinhas, mantendo o aspecto de novo por muito mais tempo, mesmo ap\u00f3s v\u00e1rias lavagens.<\/p>\n<p data-start=\"634\" data-end=\"717\">Perfeito para quem busca bem-estar, qualidade e um caimento impec\u00e1vel no dia a dia.<\/p>\n","protected":false},"excerpt":{"rendered":"<p>Pijama Manga Longa Carneirinhos<\/p>\n","protected":false},"featured_media":1752,"comment_status":"open","ping_status":"closed","template":"","meta":[],"product_brand":[],"product_cat":[38,28,31],"product_tag":[],"class_list":{"0":"post-1393","1":"product","2":"type-product","3":"status-publish","4":"has-post-thumbnail","6":"product_cat-longo-infantil","7":"product_cat-longos","8":"product_cat-mais-vendidos","10":"first","11":"instock","12":"shipping-taxable","13":"purchasable","14":"product-type-variable"},"_links":{"self":[{"href":"https:\/\/empijamei.com.br\/pt\/wp-json\/wp\/v2\/product\/1393","targetHints":{"allow":["GET"]}}],"collection":[{"href":"https:\/\/empijamei.com.br\/pt\/wp-json\/wp\/v2\/product"}],"about":[{"href":"https:\/\/empijamei.com.br\/pt\/wp-json\/wp\/v2\/types\/product"}],"replies":[{"embeddable":true,"href":"https:\/\/empijamei.com.br\/pt\/wp-json\/wp\/v2\/comments?post=1393"}],"wp:featuredmedia":[{"embeddable":true,"href":"https:\/\/empijamei.com.br\/pt\/wp-json\/wp\/v2\/media\/1752"}],"wp:attachment":[{"href":"https:\/\/empijamei.com.br\/pt\/wp-json\/wp\/v2\/media?parent=1393"}],"wp:term":[{"taxonomy":"product_brand","embeddable":true,"href":"https:\/\/empijamei.com.br\/pt\/wp-json\/wp\/v2\/product_brand?post=1393"},{"taxonomy":"product_cat","embeddable":true,"href":"https:\/\/empijamei.com.br\/pt\/wp-json\/wp\/v2\/product_cat?post=1393"},{"taxonomy":"product_tag","embeddable":true,"href":"https:\/\/empijamei.com.br\/pt\/wp-json\/wp\/v2\/product_tag?post=1393"}],"curies":[{"name":"wp","href":"https:\/\/api.w.org\/{rel}","templated":true}]}}