{"id":1482,"date":"2026-04-07T11:56:04","date_gmt":"2026-04-07T11:56:04","guid":{"rendered":"https:\/\/empijamei.com.br\/pt\/produto\/pijama-manga-longa-carneirinho\/"},"modified":"2026-04-24T16:48:23","modified_gmt":"2026-04-24T16:48:23","slug":"pijama-manga-longa-carneirinho","status":"publish","type":"product","link":"https:\/\/empijamei.com.br\/pt\/produto\/pijama-manga-longa-carneirinho\/","title":{"rendered":"Pijama Manga Longa Carneirinho"},"content":{"rendered":"<p>Pijama feminino de manga longa com cal\u00e7a, confeccionado em malha macia e confort\u00e1vel, ideal para proporcionar leveza e bem-estar em todas as esta\u00e7\u00f5es. O modelo possui caimento solto, sem ribana nos punhos e nos p\u00e9s.<br \/>\nProduzido com tecido de qualidade que n\u00e3o forma bolinhas, mant\u00e9m sua apar\u00eancia bonita e uniforme mesmo ap\u00f3s v\u00e1rias lavagens. Uma escolha pr\u00e1tica e confort\u00e1vel para noites tranquilas e momentos de descanso.<\/p>\n","protected":false},"excerpt":{"rendered":"<p>Pijama Manga Longa Carneirinho<\/p>\n","protected":false},"featured_media":1553,"comment_status":"open","ping_status":"closed","template":"","meta":[],"product_brand":[],"product_cat":[37,28,31],"product_tag":[],"class_list":{"0":"post-1482","1":"product","2":"type-product","3":"status-publish","4":"has-post-thumbnail","6":"product_cat-longo-adulto","7":"product_cat-longos","8":"product_cat-mais-vendidos","10":"first","11":"instock","12":"shipping-taxable","13":"purchasable","14":"product-type-variable"},"_links":{"self":[{"href":"https:\/\/empijamei.com.br\/pt\/wp-json\/wp\/v2\/product\/1482","targetHints":{"allow":["GET"]}}],"collection":[{"href":"https:\/\/empijamei.com.br\/pt\/wp-json\/wp\/v2\/product"}],"about":[{"href":"https:\/\/empijamei.com.br\/pt\/wp-json\/wp\/v2\/types\/product"}],"replies":[{"embeddable":true,"href":"https:\/\/empijamei.com.br\/pt\/wp-json\/wp\/v2\/comments?post=1482"}],"wp:featuredmedia":[{"embeddable":true,"href":"https:\/\/empijamei.com.br\/pt\/wp-json\/wp\/v2\/media\/1553"}],"wp:attachment":[{"href":"https:\/\/empijamei.com.br\/pt\/wp-json\/wp\/v2\/media?parent=1482"}],"wp:term":[{"taxonomy":"product_brand","embeddable":true,"href":"https:\/\/empijamei.com.br\/pt\/wp-json\/wp\/v2\/product_brand?post=1482"},{"taxonomy":"product_cat","embeddable":true,"href":"https:\/\/empijamei.com.br\/pt\/wp-json\/wp\/v2\/product_cat?post=1482"},{"taxonomy":"product_tag","embeddable":true,"href":"https:\/\/empijamei.com.br\/pt\/wp-json\/wp\/v2\/product_tag?post=1482"}],"curies":[{"name":"wp","href":"https:\/\/api.w.org\/{rel}","templated":true}]}}