{"id":1541,"date":"2026-04-09T15:14:09","date_gmt":"2026-04-09T15:14:09","guid":{"rendered":"https:\/\/empijamei.com.br\/pt\/produto\/pijama-macacao-unicornio\/"},"modified":"2026-04-09T15:14:10","modified_gmt":"2026-04-09T15:14:10","slug":"pijama-macacao-unicornio","status":"publish","type":"product","link":"https:\/\/empijamei.com.br\/pt\/produto\/pijama-macacao-unicornio\/","title":{"rendered":"Pijama Macac\u00e3o Unic\u00f3rnio"},"content":{"rendered":"<p>Macac\u00e3o infantil de unic\u00f3rnio, indicado para crian\u00e7as com aproximadamente 1,30 m de altura. Confeccionado em tecido macio e confort\u00e1vel, \u00e9 perfeito para manter o corpo aquecido com muito estilo e divers\u00e3o.<\/p>\n<p>O modelo possui capuz com detalhes de unic\u00f3rnio, como o chifre e orelhinhas, al\u00e9m de cores delicadas e acabamento aconchegante. Conta com abertura na parte de tr\u00e1s com fechamento por bot\u00f5es, garantindo praticidade na hora de vestir.<\/p>\n<p>Ideal para momentos de lazer, festas \u00e0 fantasia ou at\u00e9 mesmo para ficar confort\u00e1vel em casa com um visual encantador.<\/p>\n","protected":false},"excerpt":{"rendered":"<p>Pijama Macac\u00e3o Unic\u00f3rnio<\/p>\n","protected":false},"featured_media":1540,"comment_status":"open","ping_status":"closed","template":"","meta":[],"product_brand":[],"product_cat":[38],"product_tag":[],"class_list":{"0":"post-1541","1":"product","2":"type-product","3":"status-publish","4":"has-post-thumbnail","6":"product_cat-longo-infantil","8":"first","9":"instock","10":"shipping-taxable","11":"purchasable","12":"product-type-variable"},"_links":{"self":[{"href":"https:\/\/empijamei.com.br\/pt\/wp-json\/wp\/v2\/product\/1541","targetHints":{"allow":["GET"]}}],"collection":[{"href":"https:\/\/empijamei.com.br\/pt\/wp-json\/wp\/v2\/product"}],"about":[{"href":"https:\/\/empijamei.com.br\/pt\/wp-json\/wp\/v2\/types\/product"}],"replies":[{"embeddable":true,"href":"https:\/\/empijamei.com.br\/pt\/wp-json\/wp\/v2\/comments?post=1541"}],"wp:featuredmedia":[{"embeddable":true,"href":"https:\/\/empijamei.com.br\/pt\/wp-json\/wp\/v2\/media\/1540"}],"wp:attachment":[{"href":"https:\/\/empijamei.com.br\/pt\/wp-json\/wp\/v2\/media?parent=1541"}],"wp:term":[{"taxonomy":"product_brand","embeddable":true,"href":"https:\/\/empijamei.com.br\/pt\/wp-json\/wp\/v2\/product_brand?post=1541"},{"taxonomy":"product_cat","embeddable":true,"href":"https:\/\/empijamei.com.br\/pt\/wp-json\/wp\/v2\/product_cat?post=1541"},{"taxonomy":"product_tag","embeddable":true,"href":"https:\/\/empijamei.com.br\/pt\/wp-json\/wp\/v2\/product_tag?post=1541"}],"curies":[{"name":"wp","href":"https:\/\/api.w.org\/{rel}","templated":true}]}}