{"id":1546,"date":"2026-04-09T22:22:23","date_gmt":"2026-04-09T22:22:23","guid":{"rendered":"https:\/\/empijamei.com.br\/pt\/produto\/pijama-macacao-homem-aranha\/"},"modified":"2026-04-11T19:58:45","modified_gmt":"2026-04-11T19:58:45","slug":"pijama-macacao-homem-aranha","status":"publish","type":"product","link":"https:\/\/empijamei.com.br\/pt\/produto\/pijama-macacao-homem-aranha\/","title":{"rendered":"Pijama Macac\u00e3o Homem Aranha"},"content":{"rendered":"<p>Pijama macac\u00e3o do Homem-Aranha, confeccionado em tecido macio e confort\u00e1vel, ideal para noites mais aconchegantes. Possui estampa inspirada no famoso super-her\u00f3i, com cores vibrantes que deixam o visual divertido. F\u00e1cil de vestir, oferece \u00f3timo caimento para crian\u00e7as com aproximadamente 1,40m de altura, sendo perfeito para dormir ou brincar.<\/p>\n","protected":false},"excerpt":{"rendered":"<p>Pijama Macac\u00e3o Homem Aranha<\/p>\n","protected":false},"featured_media":1545,"comment_status":"open","ping_status":"closed","template":"","meta":[],"product_brand":[],"product_cat":[38],"product_tag":[],"class_list":{"0":"post-1546","1":"product","2":"type-product","3":"status-publish","4":"has-post-thumbnail","6":"product_cat-longo-infantil","8":"first","9":"instock","10":"shipping-taxable","11":"purchasable","12":"product-type-variable"},"_links":{"self":[{"href":"https:\/\/empijamei.com.br\/pt\/wp-json\/wp\/v2\/product\/1546","targetHints":{"allow":["GET"]}}],"collection":[{"href":"https:\/\/empijamei.com.br\/pt\/wp-json\/wp\/v2\/product"}],"about":[{"href":"https:\/\/empijamei.com.br\/pt\/wp-json\/wp\/v2\/types\/product"}],"replies":[{"embeddable":true,"href":"https:\/\/empijamei.com.br\/pt\/wp-json\/wp\/v2\/comments?post=1546"}],"wp:featuredmedia":[{"embeddable":true,"href":"https:\/\/empijamei.com.br\/pt\/wp-json\/wp\/v2\/media\/1545"}],"wp:attachment":[{"href":"https:\/\/empijamei.com.br\/pt\/wp-json\/wp\/v2\/media?parent=1546"}],"wp:term":[{"taxonomy":"product_brand","embeddable":true,"href":"https:\/\/empijamei.com.br\/pt\/wp-json\/wp\/v2\/product_brand?post=1546"},{"taxonomy":"product_cat","embeddable":true,"href":"https:\/\/empijamei.com.br\/pt\/wp-json\/wp\/v2\/product_cat?post=1546"},{"taxonomy":"product_tag","embeddable":true,"href":"https:\/\/empijamei.com.br\/pt\/wp-json\/wp\/v2\/product_tag?post=1546"}],"curies":[{"name":"wp","href":"https:\/\/api.w.org\/{rel}","templated":true}]}}