{"id":1549,"date":"2026-04-09T22:32:17","date_gmt":"2026-04-09T22:32:17","guid":{"rendered":"https:\/\/empijamei.com.br\/pt\/produto\/pijama-macacao-zebra\/"},"modified":"2026-04-09T22:32:19","modified_gmt":"2026-04-09T22:32:19","slug":"pijama-macacao-zebra","status":"publish","type":"product","link":"https:\/\/empijamei.com.br\/pt\/produto\/pijama-macacao-zebra\/","title":{"rendered":"Pijama Macac\u00e3o Zebra"},"content":{"rendered":"<p>Pijama macac\u00e3o infantil de zebra, confeccionado em tecido macio e quentinho, perfeito para noites confort\u00e1veis. Possui capuz com detalhes divertidos do animal e fechamento frontal que facilita na hora de vestir. Ideal para crian\u00e7as, garantindo conforto e um visual fofo para dormir ou brincar.<\/p>\n","protected":false},"excerpt":{"rendered":"<p>Pijama Macac\u00e3o Zebra<\/p>\n","protected":false},"featured_media":1548,"comment_status":"open","ping_status":"closed","template":"","meta":[],"product_brand":[],"product_cat":[38],"product_tag":[],"class_list":{"0":"post-1549","1":"product","2":"type-product","3":"status-publish","4":"has-post-thumbnail","6":"product_cat-longo-infantil","8":"first","9":"instock","10":"shipping-taxable","11":"purchasable","12":"product-type-variable"},"_links":{"self":[{"href":"https:\/\/empijamei.com.br\/pt\/wp-json\/wp\/v2\/product\/1549","targetHints":{"allow":["GET"]}}],"collection":[{"href":"https:\/\/empijamei.com.br\/pt\/wp-json\/wp\/v2\/product"}],"about":[{"href":"https:\/\/empijamei.com.br\/pt\/wp-json\/wp\/v2\/types\/product"}],"replies":[{"embeddable":true,"href":"https:\/\/empijamei.com.br\/pt\/wp-json\/wp\/v2\/comments?post=1549"}],"wp:featuredmedia":[{"embeddable":true,"href":"https:\/\/empijamei.com.br\/pt\/wp-json\/wp\/v2\/media\/1548"}],"wp:attachment":[{"href":"https:\/\/empijamei.com.br\/pt\/wp-json\/wp\/v2\/media?parent=1549"}],"wp:term":[{"taxonomy":"product_brand","embeddable":true,"href":"https:\/\/empijamei.com.br\/pt\/wp-json\/wp\/v2\/product_brand?post=1549"},{"taxonomy":"product_cat","embeddable":true,"href":"https:\/\/empijamei.com.br\/pt\/wp-json\/wp\/v2\/product_cat?post=1549"},{"taxonomy":"product_tag","embeddable":true,"href":"https:\/\/empijamei.com.br\/pt\/wp-json\/wp\/v2\/product_tag?post=1549"}],"curies":[{"name":"wp","href":"https:\/\/api.w.org\/{rel}","templated":true}]}}