{"id":1584,"date":"2026-04-13T15:17:30","date_gmt":"2026-04-13T15:17:30","guid":{"rendered":"https:\/\/empijamei.com.br\/pt\/produto\/pijama-manga-longa-infantil-capivara-rose\/"},"modified":"2026-04-13T15:17:37","modified_gmt":"2026-04-13T15:17:37","slug":"pijama-manga-longa-infantil-capivara-rose","status":"publish","type":"product","link":"https:\/\/empijamei.com.br\/pt\/produto\/pijama-manga-longa-infantil-capivara-rose\/","title":{"rendered":"Pijama Manga Longa Infantil Capivara Ros\u00ea"},"content":{"rendered":"<p>Pijama infantil de manga longa em suede macio, com estampa fofa de capivara. Confort\u00e1vel e quentinho, \u00e9 ideal para noites aconchegantes. Possui \u00f3timo caimento e toque suave, garantindo bem-estar durante o uso.<\/p>\n","protected":false},"excerpt":{"rendered":"<p>Pijama Manga Longa Infantil Capivara Ros\u00ea<\/p>\n","protected":false},"featured_media":1583,"comment_status":"open","ping_status":"closed","template":"","meta":[],"product_brand":[],"product_cat":[38],"product_tag":[],"class_list":{"0":"post-1584","1":"product","2":"type-product","3":"status-publish","4":"has-post-thumbnail","6":"product_cat-longo-infantil","8":"first","9":"instock","10":"shipping-taxable","11":"purchasable","12":"product-type-variable"},"_links":{"self":[{"href":"https:\/\/empijamei.com.br\/pt\/wp-json\/wp\/v2\/product\/1584","targetHints":{"allow":["GET"]}}],"collection":[{"href":"https:\/\/empijamei.com.br\/pt\/wp-json\/wp\/v2\/product"}],"about":[{"href":"https:\/\/empijamei.com.br\/pt\/wp-json\/wp\/v2\/types\/product"}],"replies":[{"embeddable":true,"href":"https:\/\/empijamei.com.br\/pt\/wp-json\/wp\/v2\/comments?post=1584"}],"wp:featuredmedia":[{"embeddable":true,"href":"https:\/\/empijamei.com.br\/pt\/wp-json\/wp\/v2\/media\/1583"}],"wp:attachment":[{"href":"https:\/\/empijamei.com.br\/pt\/wp-json\/wp\/v2\/media?parent=1584"}],"wp:term":[{"taxonomy":"product_brand","embeddable":true,"href":"https:\/\/empijamei.com.br\/pt\/wp-json\/wp\/v2\/product_brand?post=1584"},{"taxonomy":"product_cat","embeddable":true,"href":"https:\/\/empijamei.com.br\/pt\/wp-json\/wp\/v2\/product_cat?post=1584"},{"taxonomy":"product_tag","embeddable":true,"href":"https:\/\/empijamei.com.br\/pt\/wp-json\/wp\/v2\/product_tag?post=1584"}],"curies":[{"name":"wp","href":"https:\/\/api.w.org\/{rel}","templated":true}]}}