{"id":1605,"date":"2026-04-13T16:08:48","date_gmt":"2026-04-13T16:08:48","guid":{"rendered":"https:\/\/empijamei.com.br\/pt\/produto\/pijama-infantil-manga-longa-moletinho\/"},"modified":"2026-04-27T20:27:08","modified_gmt":"2026-04-27T20:27:08","slug":"pijama-infantil-manga-longa-moletinho","status":"publish","type":"product","link":"https:\/\/empijamei.com.br\/pt\/produto\/pijama-infantil-manga-longa-moletinho\/","title":{"rendered":"Pijama Infantil Manga Longa Moletinho"},"content":{"rendered":"<p>Pijama infantil de manga longa em tecido macio com interior peluciado, perfeito para manter o corpo aquecido nas noites mais frias. Possui estampa delicada e divertida, al\u00e9m de acabamento em ribana nos punhos e nas barras para melhor ajuste. Confort\u00e1vel e aconchegante, \u00e9 ideal para garantir noites tranquilas e cheias de carinho.<\/p>\n","protected":false},"excerpt":{"rendered":"<p>Pijama Infantil Manga Longa Moletinho<\/p>\n","protected":false},"featured_media":1604,"comment_status":"open","ping_status":"closed","template":"","meta":[],"product_brand":[],"product_cat":[38],"product_tag":[],"class_list":{"0":"post-1605","1":"product","2":"type-product","3":"status-publish","4":"has-post-thumbnail","6":"product_cat-longo-infantil","8":"first","9":"instock","10":"shipping-taxable","11":"purchasable","12":"product-type-variable"},"_links":{"self":[{"href":"https:\/\/empijamei.com.br\/pt\/wp-json\/wp\/v2\/product\/1605","targetHints":{"allow":["GET"]}}],"collection":[{"href":"https:\/\/empijamei.com.br\/pt\/wp-json\/wp\/v2\/product"}],"about":[{"href":"https:\/\/empijamei.com.br\/pt\/wp-json\/wp\/v2\/types\/product"}],"replies":[{"embeddable":true,"href":"https:\/\/empijamei.com.br\/pt\/wp-json\/wp\/v2\/comments?post=1605"}],"wp:featuredmedia":[{"embeddable":true,"href":"https:\/\/empijamei.com.br\/pt\/wp-json\/wp\/v2\/media\/1604"}],"wp:attachment":[{"href":"https:\/\/empijamei.com.br\/pt\/wp-json\/wp\/v2\/media?parent=1605"}],"wp:term":[{"taxonomy":"product_brand","embeddable":true,"href":"https:\/\/empijamei.com.br\/pt\/wp-json\/wp\/v2\/product_brand?post=1605"},{"taxonomy":"product_cat","embeddable":true,"href":"https:\/\/empijamei.com.br\/pt\/wp-json\/wp\/v2\/product_cat?post=1605"},{"taxonomy":"product_tag","embeddable":true,"href":"https:\/\/empijamei.com.br\/pt\/wp-json\/wp\/v2\/product_tag?post=1605"}],"curies":[{"name":"wp","href":"https:\/\/api.w.org\/{rel}","templated":true}]}}