{"id":1643,"date":"2026-04-13T16:52:24","date_gmt":"2026-04-13T16:52:24","guid":{"rendered":"https:\/\/empijamei.com.br\/pt\/produto\/conjunto-manga-longa-suede-azul\/"},"modified":"2026-04-13T16:52:30","modified_gmt":"2026-04-13T16:52:30","slug":"conjunto-manga-longa-suede-azul","status":"publish","type":"product","link":"https:\/\/empijamei.com.br\/pt\/produto\/conjunto-manga-longa-suede-azul\/","title":{"rendered":"Conjunto Manga Longa Suede Azul"},"content":{"rendered":"<p>Pijama de manga longa em suede, super macio e confort\u00e1vel. A blusa possui estampa xadrez azul, enquanto a cal\u00e7a \u00e9 lisa, criando um visual moderno e equilibrado. Ideal para noites aconchegantes, garantindo conforto e estilo na medida certa.<\/p>\n","protected":false},"excerpt":{"rendered":"<p>Conjunto Manga Longa Suede Azul<\/p>\n","protected":false},"featured_media":1642,"comment_status":"open","ping_status":"closed","template":"","meta":[],"product_brand":[],"product_cat":[38],"product_tag":[],"class_list":{"0":"post-1643","1":"product","2":"type-product","3":"status-publish","4":"has-post-thumbnail","6":"product_cat-longo-infantil","8":"first","9":"instock","10":"shipping-taxable","11":"purchasable","12":"product-type-variable"},"_links":{"self":[{"href":"https:\/\/empijamei.com.br\/pt\/wp-json\/wp\/v2\/product\/1643","targetHints":{"allow":["GET"]}}],"collection":[{"href":"https:\/\/empijamei.com.br\/pt\/wp-json\/wp\/v2\/product"}],"about":[{"href":"https:\/\/empijamei.com.br\/pt\/wp-json\/wp\/v2\/types\/product"}],"replies":[{"embeddable":true,"href":"https:\/\/empijamei.com.br\/pt\/wp-json\/wp\/v2\/comments?post=1643"}],"wp:featuredmedia":[{"embeddable":true,"href":"https:\/\/empijamei.com.br\/pt\/wp-json\/wp\/v2\/media\/1642"}],"wp:attachment":[{"href":"https:\/\/empijamei.com.br\/pt\/wp-json\/wp\/v2\/media?parent=1643"}],"wp:term":[{"taxonomy":"product_brand","embeddable":true,"href":"https:\/\/empijamei.com.br\/pt\/wp-json\/wp\/v2\/product_brand?post=1643"},{"taxonomy":"product_cat","embeddable":true,"href":"https:\/\/empijamei.com.br\/pt\/wp-json\/wp\/v2\/product_cat?post=1643"},{"taxonomy":"product_tag","embeddable":true,"href":"https:\/\/empijamei.com.br\/pt\/wp-json\/wp\/v2\/product_tag?post=1643"}],"curies":[{"name":"wp","href":"https:\/\/api.w.org\/{rel}","templated":true}]}}