{"id":1694,"date":"2026-04-13T18:49:23","date_gmt":"2026-04-13T18:49:23","guid":{"rendered":"https:\/\/empijamei.com.br\/pt\/produto\/pijama-manga-longa-americano-azul-marinho\/"},"modified":"2026-04-13T18:49:31","modified_gmt":"2026-04-13T18:49:31","slug":"pijama-manga-longa-americano-azul-marinho","status":"publish","type":"product","link":"https:\/\/empijamei.com.br\/pt\/produto\/pijama-manga-longa-americano-azul-marinho\/","title":{"rendered":"Pijama Manga Longa Americano Azul Marinho"},"content":{"rendered":"<p>Pijama de viscolycra com bot\u00f5es, aberto, na cor azul, criado para unir conforto, praticidade e estilo em uma \u00fanica pe\u00e7a. Produzido em tecido leve, macio e com excelente elasticidade, garante um caimento agrad\u00e1vel no corpo e liberdade total de movimentos.<\/p>\n<p>A blusa possui abertura frontal com bot\u00f5es, facilitando o vestir e trazendo mais funcionalidade para o dia a dia. O tom azul transmite sensa\u00e7\u00e3o de tranquilidade e leveza, deixando a pe\u00e7a ainda mais charmosa e vers\u00e1til.<\/p>\n<p>Perfeito para noites de sono confort\u00e1veis ou para relaxar em casa com muito aconchego e bem-estar.<\/p>\n","protected":false},"excerpt":{"rendered":"<p>Pijama Manga Longa Americano Azul Marinho<\/p>\n","protected":false},"featured_media":1692,"comment_status":"open","ping_status":"closed","template":"","meta":[],"product_brand":[],"product_cat":[37],"product_tag":[],"class_list":{"0":"post-1694","1":"product","2":"type-product","3":"status-publish","4":"has-post-thumbnail","6":"product_cat-longo-adulto","8":"first","9":"instock","10":"shipping-taxable","11":"purchasable","12":"product-type-variable"},"_links":{"self":[{"href":"https:\/\/empijamei.com.br\/pt\/wp-json\/wp\/v2\/product\/1694","targetHints":{"allow":["GET"]}}],"collection":[{"href":"https:\/\/empijamei.com.br\/pt\/wp-json\/wp\/v2\/product"}],"about":[{"href":"https:\/\/empijamei.com.br\/pt\/wp-json\/wp\/v2\/types\/product"}],"replies":[{"embeddable":true,"href":"https:\/\/empijamei.com.br\/pt\/wp-json\/wp\/v2\/comments?post=1694"}],"wp:featuredmedia":[{"embeddable":true,"href":"https:\/\/empijamei.com.br\/pt\/wp-json\/wp\/v2\/media\/1692"}],"wp:attachment":[{"href":"https:\/\/empijamei.com.br\/pt\/wp-json\/wp\/v2\/media?parent=1694"}],"wp:term":[{"taxonomy":"product_brand","embeddable":true,"href":"https:\/\/empijamei.com.br\/pt\/wp-json\/wp\/v2\/product_brand?post=1694"},{"taxonomy":"product_cat","embeddable":true,"href":"https:\/\/empijamei.com.br\/pt\/wp-json\/wp\/v2\/product_cat?post=1694"},{"taxonomy":"product_tag","embeddable":true,"href":"https:\/\/empijamei.com.br\/pt\/wp-json\/wp\/v2\/product_tag?post=1694"}],"curies":[{"name":"wp","href":"https:\/\/api.w.org\/{rel}","templated":true}]}}