{"id":1737,"date":"2026-04-14T16:22:14","date_gmt":"2026-04-14T16:22:14","guid":{"rendered":"https:\/\/empijamei.com.br\/pt\/produto\/pijama-manga-longa-capivara-marrom\/"},"modified":"2026-04-28T19:29:29","modified_gmt":"2026-04-28T19:29:29","slug":"pijama-manga-longa-capivara-marrom","status":"publish","type":"product","link":"https:\/\/empijamei.com.br\/pt\/produto\/pijama-manga-longa-capivara-marrom\/","title":{"rendered":"Pijama Manga Longa Capivara Marrom"},"content":{"rendered":"<p>Pijama de manga longa com estampa de capivara, confeccionado em suede, um tecido extremamente macio e muito confort\u00e1vel. Ideal para proporcionar noites aconchegantes, possui toque suave na pele e excelente qualidade, al\u00e9m de n\u00e3o formar bolinhas, garantindo maior durabilidade e mantendo o pijama bonito por mais tempo.<\/p>\n","protected":false},"excerpt":{"rendered":"<p>Pijama Manga Longa Capivara Marrom<\/p>\n","protected":false},"featured_media":1731,"comment_status":"open","ping_status":"closed","template":"","meta":[],"product_brand":[],"product_cat":[38,28,24,36],"product_tag":[],"class_list":{"0":"post-1737","1":"product","2":"type-product","3":"status-publish","4":"has-post-thumbnail","6":"product_cat-longo-infantil","7":"product_cat-longos","8":"product_cat-desenho","9":"product_cat-personagem-infantil","11":"first","12":"instock","13":"shipping-taxable","14":"purchasable","15":"product-type-variable"},"_links":{"self":[{"href":"https:\/\/empijamei.com.br\/pt\/wp-json\/wp\/v2\/product\/1737","targetHints":{"allow":["GET"]}}],"collection":[{"href":"https:\/\/empijamei.com.br\/pt\/wp-json\/wp\/v2\/product"}],"about":[{"href":"https:\/\/empijamei.com.br\/pt\/wp-json\/wp\/v2\/types\/product"}],"replies":[{"embeddable":true,"href":"https:\/\/empijamei.com.br\/pt\/wp-json\/wp\/v2\/comments?post=1737"}],"wp:featuredmedia":[{"embeddable":true,"href":"https:\/\/empijamei.com.br\/pt\/wp-json\/wp\/v2\/media\/1731"}],"wp:attachment":[{"href":"https:\/\/empijamei.com.br\/pt\/wp-json\/wp\/v2\/media?parent=1737"}],"wp:term":[{"taxonomy":"product_brand","embeddable":true,"href":"https:\/\/empijamei.com.br\/pt\/wp-json\/wp\/v2\/product_brand?post=1737"},{"taxonomy":"product_cat","embeddable":true,"href":"https:\/\/empijamei.com.br\/pt\/wp-json\/wp\/v2\/product_cat?post=1737"},{"taxonomy":"product_tag","embeddable":true,"href":"https:\/\/empijamei.com.br\/pt\/wp-json\/wp\/v2\/product_tag?post=1737"}],"curies":[{"name":"wp","href":"https:\/\/api.w.org\/{rel}","templated":true}]}}