{"id":1754,"date":"2026-04-14T16:40:56","date_gmt":"2026-04-14T16:40:56","guid":{"rendered":"https:\/\/empijamei.com.br\/pt\/produto\/pijama-manga-longa-azul-royal\/"},"modified":"2026-04-14T16:41:00","modified_gmt":"2026-04-14T16:41:00","slug":"pijama-manga-longa-azul-royal","status":"publish","type":"product","link":"https:\/\/empijamei.com.br\/pt\/produto\/pijama-manga-longa-azul-royal\/","title":{"rendered":"Pijama Manga Longa Azul Royal"},"content":{"rendered":"<p>Pijama infantil masculino confeccionado em malha poliviscose, proporcionando toque macio, leveza e excelente respirabilidade para noites de sono mais confort\u00e1veis. O conjunto conta com modelagem confort\u00e1vel que permite liberdade de movimentos, ideal para o dia a dia das crian\u00e7as. Possui acabamento em ribana nos punhos e na barra da cal\u00e7a (p\u00e9), garantindo melhor ajuste ao corpo e evitando que as pe\u00e7as se desloquem durante o uso. Uma op\u00e7\u00e3o pr\u00e1tica, aconchegante e dur\u00e1vel para o conforto dos pequenos.<\/p>\n","protected":false},"excerpt":{"rendered":"<p>Pijama Manga Longa Azul Royal<\/p>\n","protected":false},"featured_media":1753,"comment_status":"open","ping_status":"closed","template":"","meta":[],"product_brand":[],"product_cat":[38],"product_tag":[],"class_list":{"0":"post-1754","1":"product","2":"type-product","3":"status-publish","4":"has-post-thumbnail","6":"product_cat-longo-infantil","8":"first","9":"instock","10":"shipping-taxable","11":"purchasable","12":"product-type-variable"},"_links":{"self":[{"href":"https:\/\/empijamei.com.br\/pt\/wp-json\/wp\/v2\/product\/1754","targetHints":{"allow":["GET"]}}],"collection":[{"href":"https:\/\/empijamei.com.br\/pt\/wp-json\/wp\/v2\/product"}],"about":[{"href":"https:\/\/empijamei.com.br\/pt\/wp-json\/wp\/v2\/types\/product"}],"replies":[{"embeddable":true,"href":"https:\/\/empijamei.com.br\/pt\/wp-json\/wp\/v2\/comments?post=1754"}],"wp:featuredmedia":[{"embeddable":true,"href":"https:\/\/empijamei.com.br\/pt\/wp-json\/wp\/v2\/media\/1753"}],"wp:attachment":[{"href":"https:\/\/empijamei.com.br\/pt\/wp-json\/wp\/v2\/media?parent=1754"}],"wp:term":[{"taxonomy":"product_brand","embeddable":true,"href":"https:\/\/empijamei.com.br\/pt\/wp-json\/wp\/v2\/product_brand?post=1754"},{"taxonomy":"product_cat","embeddable":true,"href":"https:\/\/empijamei.com.br\/pt\/wp-json\/wp\/v2\/product_cat?post=1754"},{"taxonomy":"product_tag","embeddable":true,"href":"https:\/\/empijamei.com.br\/pt\/wp-json\/wp\/v2\/product_tag?post=1754"}],"curies":[{"name":"wp","href":"https:\/\/api.w.org\/{rel}","templated":true}]}}