{"id":1762,"date":"2026-04-23T18:00:20","date_gmt":"2026-04-23T18:00:20","guid":{"rendered":"https:\/\/empijamei.com.br\/pt\/produto\/pijama-manga-longa-infantil-video-game\/"},"modified":"2026-04-23T21:45:24","modified_gmt":"2026-04-23T21:45:24","slug":"pijama-manga-longa-infantil-video-game","status":"publish","type":"product","link":"https:\/\/empijamei.com.br\/pt\/produto\/pijama-manga-longa-infantil-video-game\/","title":{"rendered":"Pijama Manga Longa Infantil Video Game"},"content":{"rendered":"<p>Pijama infantil confeccionado em malha de poli\u00e9ster com viscose, proporcionando um toque macio e confort\u00e1vel para a pele das crian\u00e7as. O conjunto conta com acabamento em ribana, garantindo melhor ajuste ao corpo e maior durabilidade. O tecido \u00e9 leve, respir\u00e1vel e n\u00e3o forma bolinhas, mantendo a apar\u00eancia de novo por muito mais tempo. Ideal para noites de sono tranquilas com muito conforto e qualidade.<\/p>\n","protected":false},"excerpt":{"rendered":"<p>Pijama Manga Longa Infantil Video Game<\/p>\n","protected":false},"featured_media":1761,"comment_status":"open","ping_status":"closed","template":"","meta":[],"product_brand":[],"product_cat":[37],"product_tag":[],"class_list":{"0":"post-1762","1":"product","2":"type-product","3":"status-publish","4":"has-post-thumbnail","6":"product_cat-longo-adulto","8":"first","9":"outofstock","10":"shipping-taxable","11":"purchasable","12":"product-type-variable"},"_links":{"self":[{"href":"https:\/\/empijamei.com.br\/pt\/wp-json\/wp\/v2\/product\/1762","targetHints":{"allow":["GET"]}}],"collection":[{"href":"https:\/\/empijamei.com.br\/pt\/wp-json\/wp\/v2\/product"}],"about":[{"href":"https:\/\/empijamei.com.br\/pt\/wp-json\/wp\/v2\/types\/product"}],"replies":[{"embeddable":true,"href":"https:\/\/empijamei.com.br\/pt\/wp-json\/wp\/v2\/comments?post=1762"}],"wp:featuredmedia":[{"embeddable":true,"href":"https:\/\/empijamei.com.br\/pt\/wp-json\/wp\/v2\/media\/1761"}],"wp:attachment":[{"href":"https:\/\/empijamei.com.br\/pt\/wp-json\/wp\/v2\/media?parent=1762"}],"wp:term":[{"taxonomy":"product_brand","embeddable":true,"href":"https:\/\/empijamei.com.br\/pt\/wp-json\/wp\/v2\/product_brand?post=1762"},{"taxonomy":"product_cat","embeddable":true,"href":"https:\/\/empijamei.com.br\/pt\/wp-json\/wp\/v2\/product_cat?post=1762"},{"taxonomy":"product_tag","embeddable":true,"href":"https:\/\/empijamei.com.br\/pt\/wp-json\/wp\/v2\/product_tag?post=1762"}],"curies":[{"name":"wp","href":"https:\/\/api.w.org\/{rel}","templated":true}]}}