{"id":1779,"date":"2026-04-23T18:13:30","date_gmt":"2026-04-23T18:13:30","guid":{"rendered":"https:\/\/empijamei.com.br\/pt\/produto\/pijama-manga-longa-moletinho-crossaint\/"},"modified":"2026-04-23T18:13:39","modified_gmt":"2026-04-23T18:13:39","slug":"pijama-manga-longa-moletinho-crossaint","status":"publish","type":"product","link":"https:\/\/empijamei.com.br\/pt\/produto\/pijama-manga-longa-moletinho-crossaint\/","title":{"rendered":"Pijama Manga Longa Moletinho Crossaint"},"content":{"rendered":"<p>Pijama feminino em moletinho, perfeito para os dias mais frios. Confeccionado em tecido macio com interior peluciado, proporciona um toque quentinho e extremamente confort\u00e1vel. A blusa possui estampa neutra, vers\u00e1til e elegante, enquanto a cal\u00e7a lisa completa o conjunto com um visual equilibrado e f\u00e1cil de combinar. Ideal para quem busca conforto, estilo e aconchego na hora de relaxar ou dormir.<\/p>\n","protected":false},"excerpt":{"rendered":"<p>Pijama Manga Longa Moletinho Crossaint<\/p>\n","protected":false},"featured_media":1777,"comment_status":"open","ping_status":"closed","template":"","meta":[],"product_brand":[],"product_cat":[28],"product_tag":[],"class_list":{"0":"post-1779","1":"product","2":"type-product","3":"status-publish","4":"has-post-thumbnail","6":"product_cat-longos","8":"first","9":"instock","10":"shipping-taxable","11":"purchasable","12":"product-type-variable"},"_links":{"self":[{"href":"https:\/\/empijamei.com.br\/pt\/wp-json\/wp\/v2\/product\/1779","targetHints":{"allow":["GET"]}}],"collection":[{"href":"https:\/\/empijamei.com.br\/pt\/wp-json\/wp\/v2\/product"}],"about":[{"href":"https:\/\/empijamei.com.br\/pt\/wp-json\/wp\/v2\/types\/product"}],"replies":[{"embeddable":true,"href":"https:\/\/empijamei.com.br\/pt\/wp-json\/wp\/v2\/comments?post=1779"}],"wp:featuredmedia":[{"embeddable":true,"href":"https:\/\/empijamei.com.br\/pt\/wp-json\/wp\/v2\/media\/1777"}],"wp:attachment":[{"href":"https:\/\/empijamei.com.br\/pt\/wp-json\/wp\/v2\/media?parent=1779"}],"wp:term":[{"taxonomy":"product_brand","embeddable":true,"href":"https:\/\/empijamei.com.br\/pt\/wp-json\/wp\/v2\/product_brand?post=1779"},{"taxonomy":"product_cat","embeddable":true,"href":"https:\/\/empijamei.com.br\/pt\/wp-json\/wp\/v2\/product_cat?post=1779"},{"taxonomy":"product_tag","embeddable":true,"href":"https:\/\/empijamei.com.br\/pt\/wp-json\/wp\/v2\/product_tag?post=1779"}],"curies":[{"name":"wp","href":"https:\/\/api.w.org\/{rel}","templated":true}]}}