{"id":1790,"date":"2026-04-24T19:18:51","date_gmt":"2026-04-24T19:18:51","guid":{"rendered":"https:\/\/empijamei.com.br\/pt\/produto\/pijama-americano-curto-bordo\/"},"modified":"2026-04-24T19:19:01","modified_gmt":"2026-04-24T19:19:01","slug":"pijama-americano-curto-bordo","status":"publish","type":"product","link":"https:\/\/empijamei.com.br\/pt\/produto\/pijama-americano-curto-bordo\/","title":{"rendered":"Pijama Americano Curto Bord\u00f4"},"content":{"rendered":"<p>Este americano em viscolycra na cor bordo traz um toque de sofistica\u00e7\u00e3o e conforto para suas noites de descanso. O tecido macio e flex\u00edvel garante liberdade de movimento e uma sensa\u00e7\u00e3o agrad\u00e1vel ao toque, ideal para quem busca estilo e conforto durante o sono.<\/p>\n","protected":false},"excerpt":{"rendered":"<p>Pijama Americano Curto Bord\u00f4<\/p>\n","protected":false},"featured_media":1789,"comment_status":"open","ping_status":"closed","template":"","meta":[],"product_brand":[],"product_cat":[23],"product_tag":[],"class_list":{"0":"post-1790","1":"product","2":"type-product","3":"status-publish","4":"has-post-thumbnail","6":"product_cat-curtos","8":"first","9":"instock","10":"shipping-taxable","11":"purchasable","12":"product-type-variable"},"_links":{"self":[{"href":"https:\/\/empijamei.com.br\/pt\/wp-json\/wp\/v2\/product\/1790","targetHints":{"allow":["GET"]}}],"collection":[{"href":"https:\/\/empijamei.com.br\/pt\/wp-json\/wp\/v2\/product"}],"about":[{"href":"https:\/\/empijamei.com.br\/pt\/wp-json\/wp\/v2\/types\/product"}],"replies":[{"embeddable":true,"href":"https:\/\/empijamei.com.br\/pt\/wp-json\/wp\/v2\/comments?post=1790"}],"wp:featuredmedia":[{"embeddable":true,"href":"https:\/\/empijamei.com.br\/pt\/wp-json\/wp\/v2\/media\/1789"}],"wp:attachment":[{"href":"https:\/\/empijamei.com.br\/pt\/wp-json\/wp\/v2\/media?parent=1790"}],"wp:term":[{"taxonomy":"product_brand","embeddable":true,"href":"https:\/\/empijamei.com.br\/pt\/wp-json\/wp\/v2\/product_brand?post=1790"},{"taxonomy":"product_cat","embeddable":true,"href":"https:\/\/empijamei.com.br\/pt\/wp-json\/wp\/v2\/product_cat?post=1790"},{"taxonomy":"product_tag","embeddable":true,"href":"https:\/\/empijamei.com.br\/pt\/wp-json\/wp\/v2\/product_tag?post=1790"}],"curies":[{"name":"wp","href":"https:\/\/api.w.org\/{rel}","templated":true}]}}