{"id":454,"date":"2025-12-10T17:56:05","date_gmt":"2025-12-10T17:56:05","guid":{"rendered":"https:\/\/empijamei.com.br\/product\/pijama-natal-vermelho-manga-curta-com-calca\/"},"modified":"2026-04-27T18:53:54","modified_gmt":"2026-04-27T18:53:54","slug":"pijama-natal-vermelho-manga-curta-com-calca","status":"publish","type":"product","link":"https:\/\/empijamei.com.br\/pt\/produto\/pijama-natal-vermelho-manga-curta-com-calca\/","title":{"rendered":"Pijama Natal Vermelho Manga Curta com Cal\u00e7a"},"content":{"rendered":"<p>Este pijama de Natal, com manga curta e cal\u00e7a, \u00e9 perfeito para as festas de fim de ano. Feito em tecido leve de poli\u00e9ster e viscose, oferece conforto e suavidade para voc\u00ea aproveitar as celebra\u00e7\u00f5es com estilo. Estampa tem\u00e1tica natalina que traz todo o charme da temporada.<\/p>\n","protected":false},"excerpt":{"rendered":"<p>Pijama Natal Vermelho Manga Curta com Cal\u00e7a<\/p>\n","protected":false},"featured_media":453,"comment_status":"open","ping_status":"closed","template":"","meta":[],"product_brand":[],"product_cat":[30,37,22],"product_tag":[],"class_list":{"0":"post-454","1":"product","2":"type-product","3":"status-publish","4":"has-post-thumbnail","6":"product_cat-adulto","7":"product_cat-longo-adulto","8":"product_cat-pijamas","10":"first","11":"instock","12":"shipping-taxable","13":"purchasable","14":"product-type-variable"},"_links":{"self":[{"href":"https:\/\/empijamei.com.br\/pt\/wp-json\/wp\/v2\/product\/454","targetHints":{"allow":["GET"]}}],"collection":[{"href":"https:\/\/empijamei.com.br\/pt\/wp-json\/wp\/v2\/product"}],"about":[{"href":"https:\/\/empijamei.com.br\/pt\/wp-json\/wp\/v2\/types\/product"}],"replies":[{"embeddable":true,"href":"https:\/\/empijamei.com.br\/pt\/wp-json\/wp\/v2\/comments?post=454"}],"wp:featuredmedia":[{"embeddable":true,"href":"https:\/\/empijamei.com.br\/pt\/wp-json\/wp\/v2\/media\/453"}],"wp:attachment":[{"href":"https:\/\/empijamei.com.br\/pt\/wp-json\/wp\/v2\/media?parent=454"}],"wp:term":[{"taxonomy":"product_brand","embeddable":true,"href":"https:\/\/empijamei.com.br\/pt\/wp-json\/wp\/v2\/product_brand?post=454"},{"taxonomy":"product_cat","embeddable":true,"href":"https:\/\/empijamei.com.br\/pt\/wp-json\/wp\/v2\/product_cat?post=454"},{"taxonomy":"product_tag","embeddable":true,"href":"https:\/\/empijamei.com.br\/pt\/wp-json\/wp\/v2\/product_tag?post=454"}],"curies":[{"name":"wp","href":"https:\/\/api.w.org\/{rel}","templated":true}]}}