{"id":469,"date":"2025-12-10T17:59:12","date_gmt":"2025-12-10T17:59:12","guid":{"rendered":"https:\/\/empijamei.com.br\/product\/pijama-manga-curta-natal-feminino\/"},"modified":"2026-04-22T16:49:11","modified_gmt":"2026-04-22T16:49:11","slug":"pijama-manga-curta-natal-feminino","status":"publish","type":"product","link":"https:\/\/empijamei.com.br\/pt\/produto\/pijama-manga-curta-natal-feminino\/","title":{"rendered":"Pijama Manga Curta Natal Feminino"},"content":{"rendered":"<p>Este pijama de Natal feminino, com manga curta e shorts, \u00e9 perfeito para as festas de fim de ano. Feito em tecido leve e confort\u00e1vel, ele possui um cord\u00e3o decorativo no shorts, trazendo um charme extra ao visual. A estampa tem\u00e1tica de Natal garante o clima festivo, ideal para relaxar com muito estilo!<\/p>\n","protected":false},"excerpt":{"rendered":"<p>Pijama Manga Curta Natal Feminino<\/p>\n","protected":false},"featured_media":466,"comment_status":"open","ping_status":"closed","template":"","meta":[],"product_brand":[],"product_cat":[30,39,22],"product_tag":[],"class_list":{"0":"post-469","1":"product","2":"type-product","3":"status-publish","4":"has-post-thumbnail","6":"product_cat-adulto","7":"product_cat-curto-adulto","8":"product_cat-pijamas","10":"first","11":"instock","12":"shipping-taxable","13":"purchasable","14":"product-type-variable"},"_links":{"self":[{"href":"https:\/\/empijamei.com.br\/pt\/wp-json\/wp\/v2\/product\/469","targetHints":{"allow":["GET"]}}],"collection":[{"href":"https:\/\/empijamei.com.br\/pt\/wp-json\/wp\/v2\/product"}],"about":[{"href":"https:\/\/empijamei.com.br\/pt\/wp-json\/wp\/v2\/types\/product"}],"replies":[{"embeddable":true,"href":"https:\/\/empijamei.com.br\/pt\/wp-json\/wp\/v2\/comments?post=469"}],"wp:featuredmedia":[{"embeddable":true,"href":"https:\/\/empijamei.com.br\/pt\/wp-json\/wp\/v2\/media\/466"}],"wp:attachment":[{"href":"https:\/\/empijamei.com.br\/pt\/wp-json\/wp\/v2\/media?parent=469"}],"wp:term":[{"taxonomy":"product_brand","embeddable":true,"href":"https:\/\/empijamei.com.br\/pt\/wp-json\/wp\/v2\/product_brand?post=469"},{"taxonomy":"product_cat","embeddable":true,"href":"https:\/\/empijamei.com.br\/pt\/wp-json\/wp\/v2\/product_cat?post=469"},{"taxonomy":"product_tag","embeddable":true,"href":"https:\/\/empijamei.com.br\/pt\/wp-json\/wp\/v2\/product_tag?post=469"}],"curies":[{"name":"wp","href":"https:\/\/api.w.org\/{rel}","templated":true}]}}