{"id":585,"date":"2025-12-11T13:50:36","date_gmt":"2025-12-11T13:50:36","guid":{"rendered":"https:\/\/empijamei.com.br\/product\/pijama-manga-longa-florzinhas-rose\/"},"modified":"2026-04-24T15:51:29","modified_gmt":"2026-04-24T15:51:29","slug":"pijama-manga-longa-florzinhas-rose","status":"publish","type":"product","link":"https:\/\/empijamei.com.br\/pt\/produto\/pijama-manga-longa-florzinhas-rose\/","title":{"rendered":"Pijama Manga Longa Florzinhas Ros\u00ea"},"content":{"rendered":"<p>Conforto e leveza definem este pijama feito em malha de poli\u00e9ster e viscose. Com um toque suave e fluido, ele garante uma sensa\u00e7\u00e3o agrad\u00e1vel \u00e0 pele durante toda a noite. A combina\u00e7\u00e3o dos materiais proporciona durabilidade e conforto, ideal para uma boa noite de sono. O design moderno e pr\u00e1tico traz o equil\u00edbrio perfeito entre estilo e bem-estar.<\/p>\n","protected":false},"excerpt":{"rendered":"<p>Pijama Manga Longa Florzinhas Ros\u00ea<\/p>\n","protected":false},"featured_media":583,"comment_status":"open","ping_status":"closed","template":"","meta":[],"product_brand":[],"product_cat":[37,28,22],"product_tag":[],"class_list":{"0":"post-585","1":"product","2":"type-product","3":"status-publish","4":"has-post-thumbnail","6":"product_cat-longo-adulto","7":"product_cat-longos","8":"product_cat-pijamas","10":"first","11":"instock","12":"shipping-taxable","13":"purchasable","14":"product-type-variable"},"_links":{"self":[{"href":"https:\/\/empijamei.com.br\/pt\/wp-json\/wp\/v2\/product\/585","targetHints":{"allow":["GET"]}}],"collection":[{"href":"https:\/\/empijamei.com.br\/pt\/wp-json\/wp\/v2\/product"}],"about":[{"href":"https:\/\/empijamei.com.br\/pt\/wp-json\/wp\/v2\/types\/product"}],"replies":[{"embeddable":true,"href":"https:\/\/empijamei.com.br\/pt\/wp-json\/wp\/v2\/comments?post=585"}],"wp:featuredmedia":[{"embeddable":true,"href":"https:\/\/empijamei.com.br\/pt\/wp-json\/wp\/v2\/media\/583"}],"wp:attachment":[{"href":"https:\/\/empijamei.com.br\/pt\/wp-json\/wp\/v2\/media?parent=585"}],"wp:term":[{"taxonomy":"product_brand","embeddable":true,"href":"https:\/\/empijamei.com.br\/pt\/wp-json\/wp\/v2\/product_brand?post=585"},{"taxonomy":"product_cat","embeddable":true,"href":"https:\/\/empijamei.com.br\/pt\/wp-json\/wp\/v2\/product_cat?post=585"},{"taxonomy":"product_tag","embeddable":true,"href":"https:\/\/empijamei.com.br\/pt\/wp-json\/wp\/v2\/product_tag?post=585"}],"curies":[{"name":"wp","href":"https:\/\/api.w.org\/{rel}","templated":true}]}}