{"id":984,"date":"2026-03-09T14:55:53","date_gmt":"2026-03-09T14:55:53","guid":{"rendered":"https:\/\/empijamei.com.br\/pt\/produto\/pijama-alcinha-bordo\/"},"modified":"2026-04-22T15:53:24","modified_gmt":"2026-04-22T15:53:24","slug":"pijama-alcinha-bordo","status":"publish","type":"product","link":"https:\/\/empijamei.com.br\/pt\/produto\/pijama-alcinha-bordo\/","title":{"rendered":"Pijama Alcinha Bord\u00f4 Viscolycra"},"content":{"rendered":"<p>Pijama adulto confeccionado em viscolycra macia e confort\u00e1vel. Possui al\u00e7as ajust\u00e1veis que proporcionam melhor ajuste ao corpo. Conjunto leve com blusa de alcinha e shorts, ideal para noites mais frescas e para quem busca conforto no dia a dia.<\/p>\n","protected":false},"excerpt":{"rendered":"<p>Pijama Alcinha Bord\u00f4<\/p>\n","protected":false},"featured_media":983,"comment_status":"open","ping_status":"closed","template":"","meta":[],"product_brand":[],"product_cat":[39,23,31],"product_tag":[],"class_list":{"0":"post-984","1":"product","2":"type-product","3":"status-publish","4":"has-post-thumbnail","6":"product_cat-curto-adulto","7":"product_cat-curtos","8":"product_cat-mais-vendidos","10":"first","11":"instock","12":"sale","13":"shipping-taxable","14":"purchasable","15":"product-type-variable"},"_links":{"self":[{"href":"https:\/\/empijamei.com.br\/pt\/wp-json\/wp\/v2\/product\/984","targetHints":{"allow":["GET"]}}],"collection":[{"href":"https:\/\/empijamei.com.br\/pt\/wp-json\/wp\/v2\/product"}],"about":[{"href":"https:\/\/empijamei.com.br\/pt\/wp-json\/wp\/v2\/types\/product"}],"replies":[{"embeddable":true,"href":"https:\/\/empijamei.com.br\/pt\/wp-json\/wp\/v2\/comments?post=984"}],"wp:featuredmedia":[{"embeddable":true,"href":"https:\/\/empijamei.com.br\/pt\/wp-json\/wp\/v2\/media\/983"}],"wp:attachment":[{"href":"https:\/\/empijamei.com.br\/pt\/wp-json\/wp\/v2\/media?parent=984"}],"wp:term":[{"taxonomy":"product_brand","embeddable":true,"href":"https:\/\/empijamei.com.br\/pt\/wp-json\/wp\/v2\/product_brand?post=984"},{"taxonomy":"product_cat","embeddable":true,"href":"https:\/\/empijamei.com.br\/pt\/wp-json\/wp\/v2\/product_cat?post=984"},{"taxonomy":"product_tag","embeddable":true,"href":"https:\/\/empijamei.com.br\/pt\/wp-json\/wp\/v2\/product_tag?post=984"}],"curies":[{"name":"wp","href":"https:\/\/api.w.org\/{rel}","templated":true}]}}