{"id":998,"date":"2026-03-09T15:03:34","date_gmt":"2026-03-09T15:03:34","guid":{"rendered":"https:\/\/empijamei.com.br\/pt\/produto\/pijama-manga-curta-capivara-rosa\/"},"modified":"2026-04-16T21:51:54","modified_gmt":"2026-04-16T21:51:54","slug":"pijama-manga-curta-capivara-rosa","status":"publish","type":"product","link":"https:\/\/empijamei.com.br\/pt\/produto\/pijama-manga-curta-capivara-rosa\/","title":{"rendered":"Pijama Manga Curta Capivara Rosa"},"content":{"rendered":"<p>Conforto e estilo em uma s\u00f3 pe\u00e7a. Feito em suede macio e aveludado, este pijama oferece toque suave e caimento leve. Suas estampas sublimadas garantem cores vibrantes e duradouras, mantendo o visual impec\u00e1vel mesmo ap\u00f3s v\u00e1rias lavagens. Ideal para noites aconchegantes e momentos de puro relaxamento.<\/p>\n","protected":false},"excerpt":{"rendered":"<p>Pijama Manga Curta Capivara Rosa<\/p>\n","protected":false},"featured_media":997,"comment_status":"open","ping_status":"closed","template":"","meta":[],"product_brand":[],"product_cat":[39,23,31,24,35],"product_tag":[],"class_list":{"0":"post-998","1":"product","2":"type-product","3":"status-publish","4":"has-post-thumbnail","6":"product_cat-curto-adulto","7":"product_cat-curtos","8":"product_cat-mais-vendidos","9":"product_cat-desenho","10":"product_cat-personagem-adulto","12":"first","13":"instock","14":"sale","15":"shipping-taxable","16":"purchasable","17":"product-type-variable"},"_links":{"self":[{"href":"https:\/\/empijamei.com.br\/pt\/wp-json\/wp\/v2\/product\/998","targetHints":{"allow":["GET"]}}],"collection":[{"href":"https:\/\/empijamei.com.br\/pt\/wp-json\/wp\/v2\/product"}],"about":[{"href":"https:\/\/empijamei.com.br\/pt\/wp-json\/wp\/v2\/types\/product"}],"replies":[{"embeddable":true,"href":"https:\/\/empijamei.com.br\/pt\/wp-json\/wp\/v2\/comments?post=998"}],"wp:featuredmedia":[{"embeddable":true,"href":"https:\/\/empijamei.com.br\/pt\/wp-json\/wp\/v2\/media\/997"}],"wp:attachment":[{"href":"https:\/\/empijamei.com.br\/pt\/wp-json\/wp\/v2\/media?parent=998"}],"wp:term":[{"taxonomy":"product_brand","embeddable":true,"href":"https:\/\/empijamei.com.br\/pt\/wp-json\/wp\/v2\/product_brand?post=998"},{"taxonomy":"product_cat","embeddable":true,"href":"https:\/\/empijamei.com.br\/pt\/wp-json\/wp\/v2\/product_cat?post=998"},{"taxonomy":"product_tag","embeddable":true,"href":"https:\/\/empijamei.com.br\/pt\/wp-json\/wp\/v2\/product_tag?post=998"}],"curies":[{"name":"wp","href":"https:\/\/api.w.org\/{rel}","templated":true}]}}